{"id":2,"date":"2023-07-24T12:23:27","date_gmt":"2023-07-24T10:23:27","guid":{"rendered":"http:\/\/eabcinl.cluster028.hosting.ovh.net\/?page_id=2"},"modified":"2024-01-19T15:02:39","modified_gmt":"2024-01-19T14:02:39","slug":"christelle-chaumery-sophrologie-yoga","status":"publish","type":"page","link":"https:\/\/www.sophrom.fr\/","title":{"rendered":"Sophr&rsquo;Om"},"content":{"rendered":"\n<blockquote>\n<h3><span style=\"color: #800000;\">Christelle Chaumery, votre sophrologue et professeure de yoga<\/span>\u00a0<\/h3>\n<\/blockquote>\n\n\n\n<div class=\"wp-block-media-text is-stacked-on-mobile\" style=\"grid-template-columns:33% auto\"><figure class=\"wp-block-media-text__media\"><img fetchpriority=\"high\" decoding=\"async\" width=\"600\" height=\"450\" src=\"https:\/\/www.sophrom.fr\/wp-content\/uploads\/2023\/11\/version_600_bienvenue-sur-le-site-de-christelle-chaumery-1.jpeg\" alt=\"\" class=\"wp-image-238 size-full\" srcset=\"https:\/\/www.sophrom.fr\/wp-content\/uploads\/2023\/11\/version_600_bienvenue-sur-le-site-de-christelle-chaumery-1.jpeg 600w, https:\/\/www.sophrom.fr\/wp-content\/uploads\/2023\/11\/version_600_bienvenue-sur-le-site-de-christelle-chaumery-1-300x225.jpeg 300w\" sizes=\"(max-width: 600px) 100vw, 600px\" \/><\/figure><div class=\"wp-block-media-text__content\">\n<p>J&rsquo;utilise les <a href=\"https:\/\/www.sophrom.fr\/index.php\/sophrologie-marseille-yoga-hatha-vinyasa-yin-allauch__trashed\/sophrologie-marseille\/\" title=\"\">m\u00e9thodes de sophrologie<\/a>, de yoga depuis des ann\u00e9es.<br>Aujourd&rsquo;hui, j&rsquo;exerce dans mon cabinet et diff\u00e9rents studios de yoga sur Marseille situ\u00e9 \u00e0 quelques km d&rsquo;Aubagne, Gardanne, Marignane. <\/p>\n<\/div><\/div>\n\n\n\n<p><br>En tant que sophrologue et professeure de yoga , j&rsquo;accueille \u00e0 distance, en cabinet,  en clinique, en centre de yoga- bien-\u00eatre, en entreprise, en \u00e9cole, en h\u00f4pital ou encore \u00e0 domicile tous types de patients : enfants, adolescents ou encore adultes.<\/p>\n\n\n\n<figure class=\"wp-block-table is-style-regular\"><table class=\"has-background\" style=\"background-color:#dbd5bf91\"><tbody><tr><td><strong>La sophrologie<\/strong><br><br>Le mot \u00ab\u00a0sophrologie\u00a0\u00bb vient du grec \u00ab\u00a0sos\u00a0\u00bb que l&rsquo;on peut traduire par \u00ab\u00a0<strong>sain<\/strong>\u00ab\u00a0, \u00ab\u00a0<strong>harmonie<\/strong>\u00ab\u00a0, \u00ab\u00a0phren\u00a0\u00bb par \u00ab\u00a0<strong>esprit<\/strong> \u00ab\u00a0, \u00ab\u00a0<strong>conscience<\/strong>\u00ab\u00a0, \u00ab\u00a0logos\u00a0\u00bb par \u00ab\u00a0<strong>\u00e9tude<\/strong>\u00ab\u00a0, \u00ab\u00a0<strong>discours<\/strong>\u00ab\u00a0.<br><br>Ainsi la <strong>sophrologie<\/strong> se veut comme l&rsquo;\u00e9tude de l&rsquo;harmonie de l&rsquo;esprit ou l&rsquo;\u00e9tude de l&rsquo;esprit en harmonie.<\/td><td><img decoding=\"async\" src=\"https:\/\/www.sophrom.fr\/wp-content\/uploads\/2023\/11\/version_600_votre-cabinet-de-sophrologie-a-marseille-de-christelle-chaumery.jpeg\" alt=\"\" style=\"width: 400px;\"><\/td><\/tr><\/tbody><\/table><\/figure>\n\n\n\n<figure class=\"wp-block-table is-style-regular\"><table class=\"has-background\" style=\"background-color:#dbd5bf91\"><tbody><tr><td><img decoding=\"async\" width=\"300\" height=\"450\" class=\"wp-image-134\" style=\"width: 300px;\" src=\"https:\/\/www.sophrom.fr\/wp-content\/uploads\/2023\/11\/posture-du-lacet-1-scaled.jpg\" alt=\"\" srcset=\"https:\/\/www.sophrom.fr\/wp-content\/uploads\/2023\/11\/posture-du-lacet-1-scaled.jpg 1706w, https:\/\/www.sophrom.fr\/wp-content\/uploads\/2023\/11\/posture-du-lacet-1-200x300.jpg 200w, https:\/\/www.sophrom.fr\/wp-content\/uploads\/2023\/11\/posture-du-lacet-1-682x1024.jpg 682w, https:\/\/www.sophrom.fr\/wp-content\/uploads\/2023\/11\/posture-du-lacet-1-768x1152.jpg 768w, https:\/\/www.sophrom.fr\/wp-content\/uploads\/2023\/11\/posture-du-lacet-1-1024x1536.jpg 1024w, https:\/\/www.sophrom.fr\/wp-content\/uploads\/2023\/11\/posture-du-lacet-1-1365x2048.jpg 1365w, https:\/\/www.sophrom.fr\/wp-content\/uploads\/2023\/11\/posture-du-lacet-1-1140x1710.jpg 1140w\" sizes=\"(max-width: 300px) 100vw, 300px\" \/><\/td><td><strong>Le yoga<\/strong><br><br>Le mot sanscrit <strong>YOGA<\/strong>&nbsp;signifie <strong>\u00ab unir \u00bb<\/strong>, <strong>\u00ab relier \u00bb<\/strong>. <br><br>Par sa pratique, un adepte peut commencer \u00e0 \u00e9quilibrer et \u00e0 relier tous les aspects de son \u00eatre.<br>[ physique, \u00e9nerg\u00e9tique, \u00e9motionnel, mental et spirituel ] <br><br>C\u2019est-\u00e0-dire tous les \u00e9l\u00e9ments n\u00e9cessaires pour avoir <strong>une vie pleine et harmonieuse<\/strong>.<\/td><\/tr><\/tbody><\/table><\/figure>\n\n\n\n<h6 class=\"wp-block-heading\">&nbsp;<\/h6>\n\n\n\n<p class=\"has-black-color has-text-color has-link-color wp-elements-0a0b8502a5ccb98512913cb36015a795\"><br>Mon approche en&nbsp;Sophrologie&nbsp;est bas\u00e9e sur l\u2019\u00e9coute active qui permet lors de l\u2019entretien pr\u00e9alable de la premi\u00e8re s\u00e9ance de&nbsp;d\u00e9terminer vos attentes. <br><br>Mon objectif est de&nbsp;vous accompagner \u00e0 traverser au mieux un moment peut \u00eatre difficile&nbsp;de votre vie, de bien cerner la probl\u00e9matique que vous souhaitez r\u00e9soudre et de d\u00e9finir l\u2019objectif \u00e0 atteindre.<br> <br>Une approche&nbsp;\u00ab&nbsp;pleine conscience&nbsp;\u00bb&nbsp;pour exp\u00e9rimenter l\u2019instant pr\u00e9sent.\u2028 C\u2019est avec simplicit\u00e9, bienveillance et authenticit\u00e9 que je vous accueille dans un profond respect de ce que vous \u00eates.\u2028 Le sophrologue doit respecter les r\u00e8gles morales et \u00e9thiques de sa profession.<br><br>Ces r\u00e8gles sont d\u00e9finies dans le code de d\u00e9ontologie des sophrologues \u00e9dit\u00e9 par la&nbsp;Chambre Syndicale de la Sophrologie&nbsp;dont je suis membre. En cons\u00e9quence, je m\u2019engage \u00e0 vous accompagner dans le respect de ce code, avec bienveillance, non jugement et en toute confidentialit\u00e9. <\/p>\n\n\n\n<p><\/p>\n\n\n\n<p><\/p>\n\n\n\n<p><\/p>\n","protected":false},"excerpt":{"rendered":"<p>Christelle Chaumery, votre sophrologue et professeure de yoga\u00a0 J&rsquo;utilise les m\u00e9thodes de sophrologie, de yoga depuis des ann\u00e9es.Aujourd&rsquo;hui, j&rsquo;exerce dans mon cabinet et diff\u00e9rents studios de yoga sur Marseille situ\u00e9 \u00e0 quelques km d&rsquo;Aubagne, Gardanne, Marignane. En tant que sophrologue et professeure de yoga , j&rsquo;accueille \u00e0 distance, en cabinet, en clinique, en centre de yoga- bien-\u00eatre, en entreprise, en \u00e9cole, en h\u00f4pital ou encore \u00e0 domicile tous types de patients : enfants, adolescents ou encore adultes. La sophrologie Le mot \u00ab\u00a0sophrologie\u00a0\u00bb vient du grec \u00ab\u00a0sos\u00a0\u00bb que l&rsquo;on peut traduire par \u00ab\u00a0sain\u00ab\u00a0, \u00ab\u00a0harmonie\u00ab\u00a0, \u00ab\u00a0phren\u00a0\u00bb par \u00ab\u00a0esprit \u00ab\u00a0, \u00ab\u00a0conscience\u00ab\u00a0, \u00ab\u00a0logos\u00a0\u00bb par \u00ab\u00a0\u00e9tude\u00ab\u00a0, \u00ab\u00a0discours\u00ab\u00a0. Ainsi la sophrologie se veut comme l&rsquo;\u00e9tude de l&rsquo;harmonie de l&rsquo;esprit ou l&rsquo;\u00e9tude de l&rsquo;esprit en harmonie. Le yoga Le mot sanscrit YOGA&nbsp;signifie \u00ab unir \u00bb, \u00ab relier \u00bb. Par sa pratique, un adepte peut commencer \u00e0 \u00e9quilibrer et \u00e0 relier tous les aspects de son \u00eatre.[ physique, \u00e9nerg\u00e9tique, \u00e9motionnel, mental et spirituel ] C\u2019est-\u00e0-dire tous les \u00e9l\u00e9ments n\u00e9cessaires pour avoir une vie pleine et harmonieuse. &nbsp; Mon approche en&nbsp;Sophrologie&nbsp;est bas\u00e9e sur l\u2019\u00e9coute active qui permet lors de l\u2019entretien pr\u00e9alable de la premi\u00e8re s\u00e9ance de&nbsp;d\u00e9terminer vos attentes. Mon objectif est de&nbsp;vous accompagner \u00e0 traverser au mieux un moment peut \u00eatre difficile&nbsp;de votre vie, de bien cerner la probl\u00e9matique que vous souhaitez r\u00e9soudre et de d\u00e9finir l\u2019objectif \u00e0 atteindre. Une approche&nbsp;\u00ab&nbsp;pleine conscience&nbsp;\u00bb&nbsp;pour exp\u00e9rimenter l\u2019instant pr\u00e9sent.\u2028 C\u2019est avec simplicit\u00e9, bienveillance et authenticit\u00e9 que je vous accueille dans un profond respect de ce que vous \u00eates.\u2028 Le sophrologue doit respecter les r\u00e8gles morales et \u00e9thiques de sa profession. Ces r\u00e8gles sont d\u00e9finies dans le code de d\u00e9ontologie des sophrologues \u00e9dit\u00e9 par la&nbsp;Chambre Syndicale de la Sophrologie&nbsp;dont je suis membre. En cons\u00e9quence, je m\u2019engage \u00e0 vous accompagner dans le respect de ce code, avec bienveillance, non jugement et en toute confidentialit\u00e9.<\/p>\n","protected":false},"author":1,"featured_media":0,"parent":0,"menu_order":0,"comment_status":"closed","ping_status":"closed","template":"","meta":{"footnotes":""},"class_list":["post-2","page","type-page","status-publish","hentry"],"aioseo_notices":[],"_links":{"self":[{"href":"https:\/\/www.sophrom.fr\/index.php\/wp-json\/wp\/v2\/pages\/2","targetHints":{"allow":["GET"]}}],"collection":[{"href":"https:\/\/www.sophrom.fr\/index.php\/wp-json\/wp\/v2\/pages"}],"about":[{"href":"https:\/\/www.sophrom.fr\/index.php\/wp-json\/wp\/v2\/types\/page"}],"author":[{"embeddable":true,"href":"https:\/\/www.sophrom.fr\/index.php\/wp-json\/wp\/v2\/users\/1"}],"replies":[{"embeddable":true,"href":"https:\/\/www.sophrom.fr\/index.php\/wp-json\/wp\/v2\/comments?post=2"}],"version-history":[{"count":129,"href":"https:\/\/www.sophrom.fr\/index.php\/wp-json\/wp\/v2\/pages\/2\/revisions"}],"predecessor-version":[{"id":761,"href":"https:\/\/www.sophrom.fr\/index.php\/wp-json\/wp\/v2\/pages\/2\/revisions\/761"}],"wp:attachment":[{"href":"https:\/\/www.sophrom.fr\/index.php\/wp-json\/wp\/v2\/media?parent=2"}],"curies":[{"name":"wp","href":"https:\/\/api.w.org\/{rel}","templated":true}]}}