{"id":83,"date":"2023-11-09T13:34:09","date_gmt":"2023-11-09T12:34:09","guid":{"rendered":"https:\/\/www.sophrom.fr\/?page_id=83"},"modified":"2024-01-30T21:09:18","modified_gmt":"2024-01-30T20:09:18","slug":"tarifs-yoga-pratiques-sophrologie","status":"publish","type":"page","link":"https:\/\/www.sophrom.fr\/index.php\/tarifs-yoga-pratiques-sophrologie\/","title":{"rendered":"Infos \/ Tarifs"},"content":{"rendered":"\n<blockquote class=\"wp-block-quote is-layout-flow wp-block-quote-is-layout-flow\">\n<p>Informations pratiques du cabinet de sophrologie \u00e0&nbsp;Marseille<\/p>\n<\/blockquote>\n\n\n\n<h2 class=\"wp-block-heading\">Tarifs <\/h2>\n\n\n\n<ul class=\"wp-block-list\">\n<li>Consultation initiale individuelle au cabinet<\/li>\n<\/ul>\n\n\n\n<p class=\"has-background\" style=\"background-color:#dbd5bf91\">60\u20ac<\/p>\n\n\n\n<ul class=\"wp-block-list\">\n<li>Consultation individuelle en visio<\/li>\n<\/ul>\n\n\n\n<p class=\"has-background\" style=\"background-color:#dbd5bf91\">50\u20ac<\/p>\n\n\n\n<ul class=\"wp-block-list\">\n<li>Consultation individuelle \u00e0 domicile<\/li>\n<\/ul>\n\n\n\n<p class=\"has-background\" style=\"background-color:#dbd5bf91\">60\u20ac<\/p>\n\n\n\n<ul class=\"wp-block-list\">\n<li>S\u00e9ance collective<\/li>\n<\/ul>\n\n\n\n<p class=\"has-background\" style=\"background-color:#dbd5bf91\">15\u20ac<\/p>\n\n\n\n<ul class=\"wp-block-list\">\n<li>Consultation individuelle de suivi<\/li>\n<\/ul>\n\n\n\n<p class=\"has-background\" style=\"background-color:#dbd5bf91\">50 \u20ac<\/p>\n\n\n\n<h3 class=\"wp-block-heading\"><em>Remboursement possible selon la mutuelle<\/em><\/h3>\n\n\n\n<h2 class=\"wp-block-heading\">Horaires d&rsquo;ouverture<\/h2>\n\n\n\n<p>Mon cabinet est ouvert aux adolescents et adultes.<\/p>\n\n\n\n<p>Mode de paiements : Esp\u00e8ces, ch\u00e8ques, CB accept\u00e9s<\/p>\n\n\n\n<figure class=\"wp-block-table\"><table class=\"has-background\" style=\"background-color:#dbd5bf91\"><tbody><tr><td class=\"has-text-align-center\" data-align=\"center\"><strong>Mardi<\/strong><\/td><td class=\"has-text-align-center\" data-align=\"center\"><strong>9h30 &#8211; 18h<\/strong><\/td><\/tr><tr><td class=\"has-text-align-center\" data-align=\"center\"><strong>Samedi<\/strong><\/td><td class=\"has-text-align-center\" data-align=\"center\"><strong>9h30 &#8211; 13h<\/strong><\/td><\/tr><\/tbody><\/table><\/figure>\n\n\n\n<h2 class=\"wp-block-heading\">Le cabinet<\/h2>\n\n\n\n<div class=\"wp-block-media-text is-stacked-on-mobile\" style=\"grid-template-columns:24% auto\"><figure class=\"wp-block-media-text__media\"><img fetchpriority=\"high\" decoding=\"async\" width=\"320\" height=\"240\" src=\"https:\/\/www.sophrom.fr\/wp-content\/uploads\/2023\/11\/cabinet320210107-2205668-xj9pkz-1.jpeg\" alt=\"\" class=\"wp-image-226 size-full\" srcset=\"https:\/\/www.sophrom.fr\/wp-content\/uploads\/2023\/11\/cabinet320210107-2205668-xj9pkz-1.jpeg 320w, https:\/\/www.sophrom.fr\/wp-content\/uploads\/2023\/11\/cabinet320210107-2205668-xj9pkz-1-300x225.jpeg 300w\" sizes=\"(max-width: 320px) 100vw, 320px\" \/><\/figure><div class=\"wp-block-media-text__content\">\n<p>156 rue Jean Mermoz<br>13008\u00a0Marseille<br>France<br>Email :  <a href=\"mailto:sophr.om13@gmail.com\">sophr.om13@gmail.com<\/a><br>Tel : 06 09 64 95 01<\/p>\n<\/div><\/div>\n\n\n\n<p>Le cabinet est facilement accessible depuis Plan-de-Cuques, Allauch, La Penne-sur-Huveaune, Sept\u00e8mes-les-Vallons, Le Rove, Pennes-Mirabeau, Simiane-Collongue, Cabri\u00e8s.<\/p>\n","protected":false},"excerpt":{"rendered":"<p>Informations pratiques du cabinet de sophrologie \u00e0&nbsp;Marseille Tarifs 60\u20ac 50\u20ac 60\u20ac 15\u20ac 50 \u20ac Remboursement possible selon la mutuelle Horaires d&rsquo;ouverture Mon cabinet est ouvert aux adolescents et adultes. Mode de paiements : Esp\u00e8ces, ch\u00e8ques, CB accept\u00e9s Mardi 9h30 &#8211; 18h Samedi 9h30 &#8211; 13h Le cabinet 156 rue Jean Mermoz13008\u00a0MarseilleFranceEmail : sophr.om13@gmail.comTel : 06 09 64 95 01 Le cabinet est facilement accessible depuis Plan-de-Cuques, Allauch, La Penne-sur-Huveaune, Sept\u00e8mes-les-Vallons, Le Rove, Pennes-Mirabeau, Simiane-Collongue, Cabri\u00e8s.<\/p>\n","protected":false},"author":1,"featured_media":0,"parent":0,"menu_order":0,"comment_status":"closed","ping_status":"closed","template":"","meta":{"footnotes":""},"class_list":["post-83","page","type-page","status-publish","hentry"],"aioseo_notices":[],"_links":{"self":[{"href":"https:\/\/www.sophrom.fr\/index.php\/wp-json\/wp\/v2\/pages\/83","targetHints":{"allow":["GET"]}}],"collection":[{"href":"https:\/\/www.sophrom.fr\/index.php\/wp-json\/wp\/v2\/pages"}],"about":[{"href":"https:\/\/www.sophrom.fr\/index.php\/wp-json\/wp\/v2\/types\/page"}],"author":[{"embeddable":true,"href":"https:\/\/www.sophrom.fr\/index.php\/wp-json\/wp\/v2\/users\/1"}],"replies":[{"embeddable":true,"href":"https:\/\/www.sophrom.fr\/index.php\/wp-json\/wp\/v2\/comments?post=83"}],"version-history":[{"count":22,"href":"https:\/\/www.sophrom.fr\/index.php\/wp-json\/wp\/v2\/pages\/83\/revisions"}],"predecessor-version":[{"id":784,"href":"https:\/\/www.sophrom.fr\/index.php\/wp-json\/wp\/v2\/pages\/83\/revisions\/784"}],"wp:attachment":[{"href":"https:\/\/www.sophrom.fr\/index.php\/wp-json\/wp\/v2\/media?parent=83"}],"curies":[{"name":"wp","href":"https:\/\/api.w.org\/{rel}","templated":true}]}}